{"id":5,"date":"2018-12-13T16:29:28","date_gmt":"2018-12-13T15:29:28","guid":{"rendered":"http:\/\/tagmars.de\/?page_id=5"},"modified":"2025-06-24T18:48:59","modified_gmt":"2025-06-24T16:48:59","slug":"startseite","status":"publish","type":"page","link":"https:\/\/tagmars.de\/","title":{"rendered":"Startseite"},"content":{"rendered":"<div id=\"pl-5\"  class=\"panel-layout\" ><div id=\"pg-5-0\"  class=\"panel-grid panel-has-style\" ><div style=\"padding: 80px 0; \" data-overlay=\"true\" data-overlay-color=\"#000000\" class=\"panel-row-style panel-row-style-for-5-0\" ><div id=\"pgc-5-0-0\"  class=\"panel-grid-cell\" ><div id=\"panel-5-0-0-0\" class=\"so-panel widget widget_media_image panel-first-child panel-last-child\" data-index=\"0\" ><div style=\"text-align: center;\" data-title-color=\"#443f3f\" data-headings-color=\"#443f3f\" class=\"panel-widget-style panel-widget-style-for-5-0-0-0\" ><img loading=\"lazy\" decoding=\"async\" width=\"350\" height=\"350\" src=\"https:\/\/tagmars.de\/wp-content\/uploads\/desk_raum_braun_quad_350-350x350.jpeg\" class=\"image wp-image-60  attachment-350x350 size-350x350\" alt=\"\" style=\"max-width: 100%; height: auto;\" srcset=\"https:\/\/tagmars.de\/wp-content\/uploads\/desk_raum_braun_quad_350.jpeg 350w, https:\/\/tagmars.de\/wp-content\/uploads\/desk_raum_braun_quad_350-150x150.jpeg 150w, https:\/\/tagmars.de\/wp-content\/uploads\/desk_raum_braun_quad_350-300x300.jpeg 300w, https:\/\/tagmars.de\/wp-content\/uploads\/desk_raum_braun_quad_350-230x230.jpeg 230w\" sizes=\"auto, (max-width: 350px) 100vw, 350px\" \/><\/div><\/div><\/div><div id=\"pgc-5-0-1\"  class=\"panel-grid-cell\" ><div id=\"panel-5-0-1-0\" class=\"so-panel widget widget_black-studio-tinymce widget_black_studio_tinymce panel-first-child panel-last-child\" data-index=\"1\" ><div style=\"text-align: left;\" data-title-color=\"#443f3f\" data-headings-color=\"#443f3f\" class=\"panel-widget-style panel-widget-style-for-5-0-1-0\" ><div class=\"textwidget\"><h3 style=\"text-align: left; padding-left: 30px;\">Ich biete ...<\/h3>\n<p style=\"text-align: left; padding-left: 30px;\">... Marketingunterst\u00fctzung mit Herz und Hirn, Produktmanagement und konsequente Produkt-PR, ma\u00dfgeschneiderte \u00d6ffentlichkeitsarbeit und geschicktes Storytelling. Die fachliche Expertise und der strategische Blick sind dabei inklusive. Als Topping erhalten Sie langj\u00e4hrige Branchenerfahrung und eine gro\u00dfe Portion Begeisterung.<\/p>\n<\/div><\/div><\/div><\/div><div id=\"pgc-5-0-2\"  class=\"panel-grid-cell\" ><div id=\"panel-5-0-2-0\" class=\"so-panel widget widget_media_image panel-first-child panel-last-child\" data-index=\"2\" ><div style=\"text-align: left;\" data-title-color=\"#443f3f\" data-headings-color=\"#443f3f\" class=\"panel-widget-style panel-widget-style-for-5-0-2-0\" ><img loading=\"lazy\" decoding=\"async\" width=\"350\" height=\"350\" src=\"https:\/\/tagmars.de\/wp-content\/uploads\/magazine-_quad.jpeg\" class=\"image wp-image-308  attachment-full size-full\" alt=\"\" style=\"max-width: 100%; height: auto;\" srcset=\"https:\/\/tagmars.de\/wp-content\/uploads\/magazine-_quad.jpeg 350w, https:\/\/tagmars.de\/wp-content\/uploads\/magazine-_quad-150x150.jpeg 150w, https:\/\/tagmars.de\/wp-content\/uploads\/magazine-_quad-300x300.jpeg 300w, https:\/\/tagmars.de\/wp-content\/uploads\/magazine-_quad-230x230.jpeg 230w\" sizes=\"auto, (max-width: 350px) 100vw, 350px\" \/><\/div><\/div><\/div><\/div><\/div><div id=\"pg-5-1\"  class=\"panel-grid panel-has-style\" ><div class=\"siteorigin-panels-stretch panel-row-style panel-row-style-for-5-1\" style=\"padding: 80px 0; \" data-stretch-type=\"full\" data-overlay=\"true\" data-overlay-color=\"#000000\" ><div id=\"pgc-5-1-0\"  class=\"panel-grid-cell\" ><div id=\"panel-5-1-0-0\" class=\"so-panel widget widget_black-studio-tinymce widget_black_studio_tinymce panel-first-child panel-last-child\" data-index=\"3\" ><div style=\"text-align: center;\" data-title-color=\"#443f3f\" data-headings-color=\"#443f3f\" class=\"panel-widget-style panel-widget-style-for-5-1-0-0\" ><div class=\"textwidget\"><h3 style=\"text-align: left;\">Davon bin ich \u00fcberzeugt<\/h3>\n<p style=\"text-align: left;\">Naturkosmetik, Bio-Spezialit\u00e4ten sowie nat\u00fcrliche Gesundheitsprodukte sind trendy, ethisch, gesund und wirksam. Die Hersteller authentisch, wertebewusst, vision\u00e4r und engagiert. Immer mehr Kunden vertrauen auf die Kraft naturreiner Produkte.<\/p>\n<p style=\"text-align: left;\">Das macht es leicht f\u00fcr meine Marketing- &amp; PR-Agentur, den Mehrwert dieser Unternehmen und Produkte aufzuzeigen.<\/p>\n<\/div><\/div><\/div><\/div><div id=\"pgc-5-1-1\"  class=\"panel-grid-cell\" ><div id=\"panel-5-1-1-0\" class=\"so-panel widget widget_media_image panel-first-child\" data-index=\"4\" ><div style=\"text-align: center;\" data-title-color=\"#443f3f\" data-headings-color=\"#443f3f\" class=\"panel-widget-style panel-widget-style-for-5-1-1-0\" ><img loading=\"lazy\" decoding=\"async\" width=\"200\" height=\"291\" src=\"https:\/\/tagmars.de\/wp-content\/uploads\/Tanja_Gusinde_200.png\" class=\"image wp-image-325  attachment-full size-full\" alt=\"\" style=\"max-width: 100%; height: auto;\" \/><\/div><\/div><div id=\"panel-5-1-1-1\" class=\"so-panel widget widget_black-studio-tinymce widget_black_studio_tinymce panel-last-child\" data-index=\"5\" ><div style=\"text-align: center;\" data-title-color=\"#443f3f\" data-headings-color=\"#443f3f\" class=\"panel-widget-style panel-widget-style-for-5-1-1-1\" ><div class=\"textwidget\"><h4 style=\"text-align: center;\"><strong>Tanja Gusinde<\/strong><\/h4>\n<p style=\"text-align: center;\">Gr\u00fcnderin, Marketing Expertin, PR-Leitung<\/p>\n<\/div><\/div><\/div><\/div><div id=\"pgc-5-1-2\"  class=\"panel-grid-cell\" ><div id=\"panel-5-1-2-0\" class=\"so-panel widget widget_black-studio-tinymce widget_black_studio_tinymce panel-first-child panel-last-child\" data-index=\"6\" ><div style=\"text-align: left;\" data-title-color=\"#443f3f\" data-headings-color=\"#443f3f\" class=\"panel-widget-style panel-widget-style-for-5-1-2-0\" ><div class=\"textwidget\"><h3 style=\"text-align: left;\">Wer steht dahinter<\/h3>\n<p style=\"text-align: left;\">F\u00fcr mich ist die Natur der gr\u00f6\u00dfte Luxus. Diese \u00dcberzeugung zu vermitteln, macht mir Freude, genau wie die Vielfalt der Themen.<\/p>\n<p style=\"text-align: left;\">Premium Naturkosmetik, Aromatherapie, Wildfrucht-Spezialit\u00e4ten und Heilpflanzenextrakte. Startup, Bio-Pionier oder etabliertes Unternehmen. Gro\u00dfes Budget oder zielgenaues Nischen-Investment. Marketingunterst\u00fctzung oder PR-Projekte. Mein Engagement ist immer authentisch, ehrlich und schnell.<\/p><\/div><\/div><\/div><\/div><\/div><\/div><div id=\"pg-5-2\"  class=\"panel-grid panel-has-style\" ><div style=\"color: #4c3d00;padding: 0px 0; \" data-hascolor=\"hascolor\" data-overlay=\"true\" data-overlay-color=\"#000000\" class=\"panel-row-style panel-row-style-for-5-2\" ><div id=\"pgc-5-2-0\"  class=\"panel-grid-cell panel-grid-cell-empty\" ><\/div><\/div><\/div><\/div>","protected":false},"excerpt":{"rendered":"<p>Ich biete &#8230; &#8230; Marketingunterst\u00fctzung mit Herz und Hirn, Produktmanagement und konsequente Produkt-PR, ma\u00dfgeschneiderte \u00d6ffentlichkeitsarbeit und geschicktes Storytelling. Die fachliche Expertise und [&hellip;]<\/p>\n","protected":false},"author":1,"featured_media":0,"parent":0,"menu_order":0,"comment_status":"closed","ping_status":"closed","template":"page-templates\/page_front-page.php","meta":{"footnotes":""},"class_list":["post-5","page","type-page","status-publish","hentry"],"_links":{"self":[{"href":"https:\/\/tagmars.de\/index.php?rest_route=\/wp\/v2\/pages\/5","targetHints":{"allow":["GET"]}}],"collection":[{"href":"https:\/\/tagmars.de\/index.php?rest_route=\/wp\/v2\/pages"}],"about":[{"href":"https:\/\/tagmars.de\/index.php?rest_route=\/wp\/v2\/types\/page"}],"author":[{"embeddable":true,"href":"https:\/\/tagmars.de\/index.php?rest_route=\/wp\/v2\/users\/1"}],"replies":[{"embeddable":true,"href":"https:\/\/tagmars.de\/index.php?rest_route=%2Fwp%2Fv2%2Fcomments&post=5"}],"version-history":[{"count":197,"href":"https:\/\/tagmars.de\/index.php?rest_route=\/wp\/v2\/pages\/5\/revisions"}],"predecessor-version":[{"id":363,"href":"https:\/\/tagmars.de\/index.php?rest_route=\/wp\/v2\/pages\/5\/revisions\/363"}],"wp:attachment":[{"href":"https:\/\/tagmars.de\/index.php?rest_route=%2Fwp%2Fv2%2Fmedia&parent=5"}],"curies":[{"name":"wp","href":"https:\/\/api.w.org\/{rel}","templated":true}]}}